{"id":25,"date":"2023-04-21T02:50:10","date_gmt":"2023-04-21T00:50:10","guid":{"rendered":"https:\/\/www.indicateur.org\/blog\/?page_id=25"},"modified":"2023-04-21T02:51:19","modified_gmt":"2023-04-21T00:51:19","slug":"infos-legales","status":"publish","type":"page","link":"https:\/\/www.indicateur.org\/blog\/infos-legales\/","title":{"rendered":"Infos L\u00e9gales"},"content":{"rendered":"<p><img decoding=\"async\" src=\"https:\/\/www.indicateur.org\/blog\/wp-content\/uploads\/2023\/04\/Infos-Legales-300x198.jpg\" alt=\"indicateur.org Photo de la page Infos L\u00e9gales \" width=\"300\" height=\"198\" class=\"alignnone size-medium wp-image-29\" srcset=\"https:\/\/www.indicateur.org\/blog\/wp-content\/uploads\/2023\/04\/Infos-Legales-300x198.jpg 300w, https:\/\/www.indicateur.org\/blog\/wp-content\/uploads\/2023\/04\/Infos-Legales.jpg 590w\" sizes=\"(max-width: 300px) 100vw, 300px\" \/><\/p>\n<h1>Politique de confidentialit\u00e9:<\/h1>\n<h3>Les droits que vous avez sur vos donn\u00e9es:<\/h3>\n<p> Dans les cas o\u00f9 vous poss\u00e9dez un espace personnel ou si vous avez \u00e9crit des commentaires sur le site, vous avez le droit de demander \u00e0 recevoir un dossier num\u00e9rique concentrant toutes les informations personnelles que nous avons \u00e0 propos de vous, renfermant celles que vous nous avez partag\u00e9es. Vous pouvez \u00e9galement de demander l&rsquo;effacement des datas personnelles \u00e0 propos de vous. Cela ne prend pas en compte les datas archiv\u00e9es \u00e0 des fins administratives, l\u00e9gales ou avec pour objectif de s\u00e9curit\u00e9.<\/p>\n<h3>Dur\u00e9es de stockage de vos datas:<\/h3>\n<p> Quand vous enregistrez un texte, le texte et ses m\u00e9tadonn\u00e9es sont d\u00e9tenus \u00e9ternellement. Ce process  de diagnostiquer et acquiescer m\u00e9caniquement les textes \u00e0 venir au lieu de les maintenir dans la liste de mod\u00e9ration.Dans les cas o\u00f9 les espaces personnels qui surviennent sur notre site (au cas o\u00f9), nous archivons aussi les informations privatives indiqu\u00e9es dans leur profil. La totalit\u00e9 des profils peuvent voir, modifier ou supprimer leurs datas privatives n&rsquo;importe quand. Les managers du site ont la possibilit\u00e9 aussi voir et modifier ces informations.<\/p>\n<h3>En ce qui concerne les cookies:<\/h3>\n<p> Au cas o\u00f9 vous t\u00e9l\u00e9versez un texte sur ce site, vous serez amen\u00e9s \u00e0 enregistrer vos nom,  e-mail et site dans des cookies. C\u2019est uniquement dans le but de votre confort avec pour objectif de ne pas \u00eatre assujetti \u00e0 saisir ces donn\u00e9es dans l&rsquo;\u00e9ventualit\u00e9 o\u00f9 vous enregistrez un nouveau commentaire ult\u00e9rieurement. Ces cookies s&rsquo;effacent au terme d\u2019un semestre.Dans les cas o\u00f9 vous vous rendez sur la partie de login, un cookie bref sera d\u00e9clench\u00e9 avec pour objectif de d\u00e9terminer si votre logiciel de navigation accepte les cookies. Cette fonction ne concentre pas de datas priv\u00e9es et sera supprim\u00e9 de fa\u00e7on automatique d\u00e8s vous fermerez votre programme de navigation.Quand vous vous connectez, nous mettrons en place un certain nombre de cookies dans le but d&rsquo;\u00e9tablir vos donn\u00e9es de connexion et vos s\u00e9lections d&rsquo;utilisation. L&rsquo;esp\u00e9rance de vie d\u2019un cookie de connexion est de quelques jours, la dur\u00e9e d&rsquo;existence d\u2019un cookie d&rsquo;utilisation est de plusieurs mois. Au cas o\u00f9 vous cochez \u00ab Se souvenir de moi \u00bb, votre cookie de l&rsquo;enregistrement sera valide quelque deux semaines. Quand vous cl\u00f4turez votre compte, le cookie de connexion sera abrog\u00e9.En modifiant ou en \u00e9ditant une publication, un cookie suppl\u00e9mentaire sera admis dans votre navigateur. Ce cookie ne comprend aucune information secr\u00e8te. Il d\u00e9crit simplement l\u2019ID du post que vous avez d\u00e9cid\u00e9 de changer. Il s&rsquo;efface au bout de vingt-quatre heures.<\/p>\n<h3>Les m\u00e9dias:<\/h3>\n<p> Quand vous d\u00e9posez des photographies sur le site, nous vous proposons d\u2019\u00e9viter de t\u00e9l\u00e9verser des m\u00e9dias incluant des donn\u00e9es EXIF de coordonn\u00e9es GPS. Les internautes visitant ce site savent enregistrer des donn\u00e9es de rep\u00e9rage \u00e0 partir ces fichiers.<\/p>\n<h3>Exploitation et communication de vos datas individuelles:<\/h3>\n<p> Au cas o\u00f9 vous d\u00e9sirez une r\u00e9initialisation de votre mot de passe, votre  IP sera enregistr\u00e9e dans l\u2019e-mail de r\u00e9initialisation.<\/p>\n<h3>Contenu charg\u00e9 depuis de sites externes:<\/h3>\n<p> Les papiers de ce site peuvent impliquer des contenus charg\u00e9s (tels que des vid\u00e9os, photographies, posts\u2026). Le contenu embarqu\u00e9 depuis d\u2019autres sites se comporte de la m\u00eame mani\u00e8re que si le visiteur se rendait sur cet autre site.Ces sites web pourraient charger des datas au sujet de vous, user des cookies, t\u00e9l\u00e9charger des organes de suivis autres, traquer vos interventions avec ces donn\u00e9es remplies si vous poss\u00e9dez un compte associ\u00e9 sur leur site internet.<\/p>\n<h3>Transmission de vos informations priv\u00e9es:<\/h3>\n<p> Tous les textes des invit\u00e9s pourront \u00eatre authentifi\u00e9s en utilisant un service industrialis\u00e9 de localisation des commentaires suspects. <\/p>\n<h2>Cela est en conformit\u00e9 \u00e0 la RGPD.<\/h2>\n<h3>Les textes sur notre site:<\/h3>\n<p> Si vous envoyez un texte sur le pr\u00e9sent site, les d\u00e9clarations cit\u00e9es \u00e0 l&rsquo;int\u00e9rieur du formulaire de commentaire, mais aussi l&rsquo;identification IP et l&rsquo;information internaute de votre browser sont enregistr\u00e9s avec pour objectif de nous permettre de d\u00e9pister des propos non souhaitables.<\/p>\n<hr \/>\n","protected":false},"excerpt":{"rendered":"<p>Politique de confidentialit\u00e9: Les droits que vous avez sur vos donn\u00e9es: Dans les cas o\u00f9 vous poss\u00e9dez un espace personnel ou si vous avez \u00e9crit des commentaires sur le site, vous avez le droit de demander \u00e0 recevoir un dossier num\u00e9rique concentrant toutes les informations personnelles que nous avons \u00e0 propos de vous, renfermant celles &hellip; <\/p>\n","protected":false},"author":1,"featured_media":27,"parent":0,"menu_order":0,"comment_status":"closed","ping_status":"closed","template":"","meta":{"footnotes":""},"class_list":["post-25","page","type-page","status-publish","has-post-thumbnail","hentry"],"yoast_head":"<!-- This site is optimized with the Yoast SEO plugin v27.5 - https:\/\/yoast.com\/product\/yoast-seo-wordpress\/ -->\n<title>Infos L\u00e9gales - INDICATEUR<\/title>\n<meta name=\"robots\" content=\"index, follow, max-snippet:-1, max-image-preview:large, max-video-preview:-1\" \/>\n<link rel=\"canonical\" href=\"https:\/\/www.indicateur.org\/blog\/infos-legales\/\" \/>\n<meta property=\"og:locale\" content=\"fr_FR\" \/>\n<meta property=\"og:type\" content=\"article\" \/>\n<meta property=\"og:title\" content=\"Infos L\u00e9gales - INDICATEUR\" \/>\n<meta property=\"og:description\" content=\"Politique de confidentialit\u00e9: Les droits que vous avez sur vos donn\u00e9es: Dans les cas o\u00f9 vous poss\u00e9dez un espace personnel ou si vous avez \u00e9crit des commentaires sur le site, vous avez le droit de demander \u00e0 recevoir un dossier num\u00e9rique concentrant toutes les informations personnelles que nous avons \u00e0 propos de vous, renfermant celles &hellip;\" \/>\n<meta property=\"og:url\" content=\"https:\/\/www.indicateur.org\/blog\/infos-legales\/\" \/>\n<meta property=\"og:site_name\" content=\"INDICATEUR\" \/>\n<meta property=\"article:modified_time\" content=\"2023-04-21T00:51:19+00:00\" \/>\n<meta property=\"og:image\" content=\"https:\/\/www.indicateur.org\/blog\/wp-content\/uploads\/2023\/04\/Infos-Legales-photo-a-la-une.jpg\" \/>\n\t<meta property=\"og:image:width\" content=\"590\" \/>\n\t<meta property=\"og:image:height\" content=\"497\" \/>\n\t<meta property=\"og:image:type\" content=\"image\/jpeg\" \/>\n<meta name=\"twitter:card\" content=\"summary_large_image\" \/>\n<meta name=\"twitter:label1\" content=\"Dur\u00e9e de lecture estim\u00e9e\" \/>\n\t<meta name=\"twitter:data1\" content=\"4 minutes\" \/>\n<script type=\"application\/ld+json\" class=\"yoast-schema-graph\">{\"@context\":\"https:\\\/\\\/schema.org\",\"@graph\":[{\"@type\":\"WebPage\",\"@id\":\"https:\\\/\\\/www.indicateur.org\\\/blog\\\/infos-legales\\\/\",\"url\":\"https:\\\/\\\/www.indicateur.org\\\/blog\\\/infos-legales\\\/\",\"name\":\"Infos L\u00e9gales - INDICATEUR\",\"isPartOf\":{\"@id\":\"https:\\\/\\\/www.indicateur.org\\\/blog\\\/#website\"},\"primaryImageOfPage\":{\"@id\":\"https:\\\/\\\/www.indicateur.org\\\/blog\\\/infos-legales\\\/#primaryimage\"},\"image\":{\"@id\":\"https:\\\/\\\/www.indicateur.org\\\/blog\\\/infos-legales\\\/#primaryimage\"},\"thumbnailUrl\":\"https:\\\/\\\/www.indicateur.org\\\/blog\\\/wp-content\\\/uploads\\\/2023\\\/04\\\/Infos-Legales-photo-a-la-une.jpg\",\"datePublished\":\"2023-04-21T00:50:10+00:00\",\"dateModified\":\"2023-04-21T00:51:19+00:00\",\"breadcrumb\":{\"@id\":\"https:\\\/\\\/www.indicateur.org\\\/blog\\\/infos-legales\\\/#breadcrumb\"},\"inLanguage\":\"fr-FR\",\"potentialAction\":[{\"@type\":\"ReadAction\",\"target\":[\"https:\\\/\\\/www.indicateur.org\\\/blog\\\/infos-legales\\\/\"]}]},{\"@type\":\"ImageObject\",\"inLanguage\":\"fr-FR\",\"@id\":\"https:\\\/\\\/www.indicateur.org\\\/blog\\\/infos-legales\\\/#primaryimage\",\"url\":\"https:\\\/\\\/www.indicateur.org\\\/blog\\\/wp-content\\\/uploads\\\/2023\\\/04\\\/Infos-Legales-photo-a-la-une.jpg\",\"contentUrl\":\"https:\\\/\\\/www.indicateur.org\\\/blog\\\/wp-content\\\/uploads\\\/2023\\\/04\\\/Infos-Legales-photo-a-la-une.jpg\",\"width\":590,\"height\":497,\"caption\":\"indicateur.org Photo de la page Infos L\u00e9gales\"},{\"@type\":\"BreadcrumbList\",\"@id\":\"https:\\\/\\\/www.indicateur.org\\\/blog\\\/infos-legales\\\/#breadcrumb\",\"itemListElement\":[{\"@type\":\"ListItem\",\"position\":1,\"name\":\"Accueil\",\"item\":\"https:\\\/\\\/www.indicateur.org\\\/blog\\\/\"},{\"@type\":\"ListItem\",\"position\":2,\"name\":\"Infos L\u00e9gales\"}]},{\"@type\":\"WebSite\",\"@id\":\"https:\\\/\\\/www.indicateur.org\\\/blog\\\/#website\",\"url\":\"https:\\\/\\\/www.indicateur.org\\\/blog\\\/\",\"name\":\"INDICATEUR\",\"description\":\"Indicateur r\u00e9f\u00e9rencement et moteurs de recherche, informations et actualit\u00e9s. \",\"publisher\":{\"@id\":\"https:\\\/\\\/www.indicateur.org\\\/blog\\\/#organization\"},\"potentialAction\":[{\"@type\":\"SearchAction\",\"target\":{\"@type\":\"EntryPoint\",\"urlTemplate\":\"https:\\\/\\\/www.indicateur.org\\\/blog\\\/?s={search_term_string}\"},\"query-input\":{\"@type\":\"PropertyValueSpecification\",\"valueRequired\":true,\"valueName\":\"search_term_string\"}}],\"inLanguage\":\"fr-FR\"},{\"@type\":\"Organization\",\"@id\":\"https:\\\/\\\/www.indicateur.org\\\/blog\\\/#organization\",\"name\":\"indicateur\",\"url\":\"https:\\\/\\\/www.indicateur.org\\\/blog\\\/\",\"logo\":{\"@type\":\"ImageObject\",\"inLanguage\":\"fr-FR\",\"@id\":\"https:\\\/\\\/www.indicateur.org\\\/blog\\\/#\\\/schema\\\/logo\\\/image\\\/\",\"url\":\"https:\\\/\\\/www.indicateur.org\\\/blog\\\/wp-content\\\/uploads\\\/2023\\\/08\\\/cropped-exitindic.gif\",\"contentUrl\":\"https:\\\/\\\/www.indicateur.org\\\/blog\\\/wp-content\\\/uploads\\\/2023\\\/08\\\/cropped-exitindic.gif\",\"width\":107,\"height\":50,\"caption\":\"indicateur\"},\"image\":{\"@id\":\"https:\\\/\\\/www.indicateur.org\\\/blog\\\/#\\\/schema\\\/logo\\\/image\\\/\"}}]}<\/script>\n<!-- \/ Yoast SEO plugin. -->","yoast_head_json":{"title":"Infos L\u00e9gales - INDICATEUR","robots":{"index":"index","follow":"follow","max-snippet":"max-snippet:-1","max-image-preview":"max-image-preview:large","max-video-preview":"max-video-preview:-1"},"canonical":"https:\/\/www.indicateur.org\/blog\/infos-legales\/","og_locale":"fr_FR","og_type":"article","og_title":"Infos L\u00e9gales - INDICATEUR","og_description":"Politique de confidentialit\u00e9: Les droits que vous avez sur vos donn\u00e9es: Dans les cas o\u00f9 vous poss\u00e9dez un espace personnel ou si vous avez \u00e9crit des commentaires sur le site, vous avez le droit de demander \u00e0 recevoir un dossier num\u00e9rique concentrant toutes les informations personnelles que nous avons \u00e0 propos de vous, renfermant celles &hellip;","og_url":"https:\/\/www.indicateur.org\/blog\/infos-legales\/","og_site_name":"INDICATEUR","article_modified_time":"2023-04-21T00:51:19+00:00","og_image":[{"width":590,"height":497,"url":"https:\/\/www.indicateur.org\/blog\/wp-content\/uploads\/2023\/04\/Infos-Legales-photo-a-la-une.jpg","type":"image\/jpeg"}],"twitter_card":"summary_large_image","twitter_misc":{"Dur\u00e9e de lecture estim\u00e9e":"4 minutes"},"schema":{"@context":"https:\/\/schema.org","@graph":[{"@type":"WebPage","@id":"https:\/\/www.indicateur.org\/blog\/infos-legales\/","url":"https:\/\/www.indicateur.org\/blog\/infos-legales\/","name":"Infos L\u00e9gales - INDICATEUR","isPartOf":{"@id":"https:\/\/www.indicateur.org\/blog\/#website"},"primaryImageOfPage":{"@id":"https:\/\/www.indicateur.org\/blog\/infos-legales\/#primaryimage"},"image":{"@id":"https:\/\/www.indicateur.org\/blog\/infos-legales\/#primaryimage"},"thumbnailUrl":"https:\/\/www.indicateur.org\/blog\/wp-content\/uploads\/2023\/04\/Infos-Legales-photo-a-la-une.jpg","datePublished":"2023-04-21T00:50:10+00:00","dateModified":"2023-04-21T00:51:19+00:00","breadcrumb":{"@id":"https:\/\/www.indicateur.org\/blog\/infos-legales\/#breadcrumb"},"inLanguage":"fr-FR","potentialAction":[{"@type":"ReadAction","target":["https:\/\/www.indicateur.org\/blog\/infos-legales\/"]}]},{"@type":"ImageObject","inLanguage":"fr-FR","@id":"https:\/\/www.indicateur.org\/blog\/infos-legales\/#primaryimage","url":"https:\/\/www.indicateur.org\/blog\/wp-content\/uploads\/2023\/04\/Infos-Legales-photo-a-la-une.jpg","contentUrl":"https:\/\/www.indicateur.org\/blog\/wp-content\/uploads\/2023\/04\/Infos-Legales-photo-a-la-une.jpg","width":590,"height":497,"caption":"indicateur.org Photo de la page Infos L\u00e9gales"},{"@type":"BreadcrumbList","@id":"https:\/\/www.indicateur.org\/blog\/infos-legales\/#breadcrumb","itemListElement":[{"@type":"ListItem","position":1,"name":"Accueil","item":"https:\/\/www.indicateur.org\/blog\/"},{"@type":"ListItem","position":2,"name":"Infos L\u00e9gales"}]},{"@type":"WebSite","@id":"https:\/\/www.indicateur.org\/blog\/#website","url":"https:\/\/www.indicateur.org\/blog\/","name":"INDICATEUR","description":"Indicateur r\u00e9f\u00e9rencement et moteurs de recherche, informations et actualit\u00e9s. ","publisher":{"@id":"https:\/\/www.indicateur.org\/blog\/#organization"},"potentialAction":[{"@type":"SearchAction","target":{"@type":"EntryPoint","urlTemplate":"https:\/\/www.indicateur.org\/blog\/?s={search_term_string}"},"query-input":{"@type":"PropertyValueSpecification","valueRequired":true,"valueName":"search_term_string"}}],"inLanguage":"fr-FR"},{"@type":"Organization","@id":"https:\/\/www.indicateur.org\/blog\/#organization","name":"indicateur","url":"https:\/\/www.indicateur.org\/blog\/","logo":{"@type":"ImageObject","inLanguage":"fr-FR","@id":"https:\/\/www.indicateur.org\/blog\/#\/schema\/logo\/image\/","url":"https:\/\/www.indicateur.org\/blog\/wp-content\/uploads\/2023\/08\/cropped-exitindic.gif","contentUrl":"https:\/\/www.indicateur.org\/blog\/wp-content\/uploads\/2023\/08\/cropped-exitindic.gif","width":107,"height":50,"caption":"indicateur"},"image":{"@id":"https:\/\/www.indicateur.org\/blog\/#\/schema\/logo\/image\/"}}]}},"_links":{"self":[{"href":"https:\/\/www.indicateur.org\/blog\/wp-json\/wp\/v2\/pages\/25","targetHints":{"allow":["GET"]}}],"collection":[{"href":"https:\/\/www.indicateur.org\/blog\/wp-json\/wp\/v2\/pages"}],"about":[{"href":"https:\/\/www.indicateur.org\/blog\/wp-json\/wp\/v2\/types\/page"}],"author":[{"embeddable":true,"href":"https:\/\/www.indicateur.org\/blog\/wp-json\/wp\/v2\/users\/1"}],"replies":[{"embeddable":true,"href":"https:\/\/www.indicateur.org\/blog\/wp-json\/wp\/v2\/comments?post=25"}],"version-history":[{"count":4,"href":"https:\/\/www.indicateur.org\/blog\/wp-json\/wp\/v2\/pages\/25\/revisions"}],"predecessor-version":[{"id":31,"href":"https:\/\/www.indicateur.org\/blog\/wp-json\/wp\/v2\/pages\/25\/revisions\/31"}],"wp:featuredmedia":[{"embeddable":true,"href":"https:\/\/www.indicateur.org\/blog\/wp-json\/wp\/v2\/media\/27"}],"wp:attachment":[{"href":"https:\/\/www.indicateur.org\/blog\/wp-json\/wp\/v2\/media?parent=25"}],"curies":[{"name":"wp","href":"https:\/\/api.w.org\/{rel}","templated":true}]}}